{"id":63,"date":"2025-11-22T20:33:14","date_gmt":"2025-11-22T20:33:14","guid":{"rendered":"http:\/\/meb-energy.com\/?page_id=63"},"modified":"2026-02-13T16:46:34","modified_gmt":"2026-02-13T16:46:34","slug":"cooperation","status":"publish","type":"page","link":"https:\/\/meb-energy.com\/index.php\/cooperation\/","title":{"rendered":"Cooperation"},"content":{"rendered":"\t\t<div data-elementor-type=\"wp-page\" data-elementor-id=\"63\" class=\"elementor elementor-63\" data-elementor-post-type=\"page\">\n\t\t\t\t<div class=\"elementor-element elementor-element-fbde92f e-con-full e-flex e-con e-child\" data-id=\"fbde92f\" data-element_type=\"container\" data-e-type=\"container\" data-settings=\"{&quot;background_background&quot;:&quot;classic&quot;}\">\n\t\t\t\t<div class=\"elementor-element elementor-element-1659505 elementor-widget elementor-widget-spacer\" data-id=\"1659505\" data-element_type=\"widget\" data-e-type=\"widget\" data-widget_type=\"spacer.default\">\n\t\t\t\t\t\t\t<div class=\"elementor-spacer\">\n\t\t\t<div class=\"elementor-spacer-inner\"><\/div>\n\t\t<\/div>\n\t\t\t\t\t\t<\/div>\n\t\t\t\t<div class=\"elementor-element elementor-element-bfb504b elementor-widget elementor-widget-spacer\" data-id=\"bfb504b\" data-element_type=\"widget\" data-e-type=\"widget\" data-widget_type=\"spacer.default\">\n\t\t\t\t\t\t\t<div class=\"elementor-spacer\">\n\t\t\t<div class=\"elementor-spacer-inner\"><\/div>\n\t\t<\/div>\n\t\t\t\t\t\t<\/div>\n\t\t\t\t<div class=\"elementor-element elementor-element-1e4673a elementor-widget__width-initial elementor-widget elementor-widget-heading\" data-id=\"1e4673a\" data-element_type=\"widget\" data-e-type=\"widget\" data-widget_type=\"heading.default\">\n\t\t\t\t\t<h1 class=\"elementor-heading-title elementor-size-default\">COOPERATION<\/h1>\t\t\t\t<\/div>\n\t\t\t\t<div class=\"elementor-element elementor-element-9bbe234 elementor-widget elementor-widget-spacer\" data-id=\"9bbe234\" data-element_type=\"widget\" data-e-type=\"widget\" data-widget_type=\"spacer.default\">\n\t\t\t\t\t\t\t<div class=\"elementor-spacer\">\n\t\t\t<div class=\"elementor-spacer-inner\"><\/div>\n\t\t<\/div>\n\t\t\t\t\t\t<\/div>\n\t\t\t\t<\/div>\n\t\t<div class=\"elementor-element elementor-element-0f8d007 e-flex e-con-boxed e-con e-parent\" data-id=\"0f8d007\" data-element_type=\"container\" data-e-type=\"container\" data-settings=\"{&quot;background_background&quot;:&quot;classic&quot;}\">\n\t\t\t\t\t<div class=\"e-con-inner\">\n\t\t\t\t<div class=\"elementor-element elementor-element-1f68ade elementor-widget elementor-widget-menu-anchor\" data-id=\"1f68ade\" data-element_type=\"widget\" data-e-type=\"widget\" data-widget_type=\"menu-anchor.default\">\n\t\t\t\t\t\t\t<div class=\"elementor-menu-anchor\" id=\"investmentfunds\"><\/div>\n\t\t\t\t\t\t<\/div>\n\t\t\t\t<div class=\"elementor-element elementor-element-5b5acee elementor-widget elementor-widget-spacer\" data-id=\"5b5acee\" data-element_type=\"widget\" data-e-type=\"widget\" data-widget_type=\"spacer.default\">\n\t\t\t\t\t\t\t<div class=\"elementor-spacer\">\n\t\t\t<div class=\"elementor-spacer-inner\"><\/div>\n\t\t<\/div>\n\t\t\t\t\t\t<\/div>\n\t\t<div class=\"elementor-element elementor-element-3a4f60d e-con-full e-transform e-flex elementor-invisible e-con e-child\" data-id=\"3a4f60d\" data-element_type=\"container\" data-e-type=\"container\" data-settings=\"{&quot;background_background&quot;:&quot;classic&quot;,&quot;animation&quot;:&quot;fadeInDown&quot;,&quot;_transform_scale_effect_hover&quot;:{&quot;unit&quot;:&quot;px&quot;,&quot;size&quot;:1.100000000000000088817841970012523233890533447265625,&quot;sizes&quot;:[]},&quot;_transform_scale_effect_hover_tablet&quot;:{&quot;unit&quot;:&quot;px&quot;,&quot;size&quot;:&quot;&quot;,&quot;sizes&quot;:[]},&quot;_transform_scale_effect_hover_mobile&quot;:{&quot;unit&quot;:&quot;px&quot;,&quot;size&quot;:&quot;&quot;,&quot;sizes&quot;:[]}}\">\n\t\t<div class=\"elementor-element elementor-element-5dfcf4d e-con-full elementor-hidden-desktop elementor-hidden-tablet e-flex e-con e-child\" data-id=\"5dfcf4d\" data-element_type=\"container\" data-e-type=\"container\" data-settings=\"{&quot;background_background&quot;:&quot;classic&quot;}\">\n\t\t\t\t<div class=\"elementor-element elementor-element-2dab30d elementor-widget elementor-widget-image\" data-id=\"2dab30d\" data-element_type=\"widget\" data-e-type=\"widget\" data-widget_type=\"image.default\">\n\t\t\t\t\t\t\t\t\t\t\t\t\t\t\t<img fetchpriority=\"high\" decoding=\"async\" width=\"800\" height=\"681\" src=\"https:\/\/meb-energy.com\/wp-content\/uploads\/2025\/12\/investment-funds.jpg\" class=\"attachment-large size-large wp-image-947\" alt=\"investment funds\" srcset=\"https:\/\/meb-energy.com\/wp-content\/uploads\/2025\/12\/investment-funds.jpg 940w, https:\/\/meb-energy.com\/wp-content\/uploads\/2025\/12\/investment-funds-300x255.jpg 300w, https:\/\/meb-energy.com\/wp-content\/uploads\/2025\/12\/investment-funds-768x654.jpg 768w\" sizes=\"(max-width: 800px) 100vw, 800px\" \/>\t\t\t\t\t\t\t\t\t\t\t\t\t\t\t<\/div>\n\t\t\t\t<\/div>\n\t\t<div class=\"elementor-element elementor-element-f526b12 e-con-full e-flex e-con e-child\" data-id=\"f526b12\" data-element_type=\"container\" data-e-type=\"container\">\n\t\t\t\t<div class=\"elementor-element elementor-element-ae3a94c elementor-widget elementor-widget-heading\" data-id=\"ae3a94c\" data-element_type=\"widget\" data-e-type=\"widget\" data-widget_type=\"heading.default\">\n\t\t\t\t\t<h2 class=\"elementor-heading-title elementor-size-default\">INVESTMENT FUNDS<\/h2>\t\t\t\t<\/div>\n\t\t\t\t<div class=\"elementor-element elementor-element-4fd3042 elementor-widget-divider--view-line elementor-widget elementor-widget-divider\" data-id=\"4fd3042\" data-element_type=\"widget\" data-e-type=\"widget\" data-widget_type=\"divider.default\">\n\t\t\t\t\t\t\t<div class=\"elementor-divider\">\n\t\t\t<span class=\"elementor-divider-separator\">\n\t\t\t\t\t\t<\/span>\n\t\t<\/div>\n\t\t\t\t\t\t<\/div>\n\t\t\t\t<div class=\"elementor-element elementor-element-4ea6ad5 elementor-widget elementor-widget-heading\" data-id=\"4ea6ad5\" data-element_type=\"widget\" data-e-type=\"widget\" data-widget_type=\"heading.default\">\n\t\t\t\t\t<p class=\"elementor-heading-title elementor-size-default\">MEB Technical Sp. z o.o. collaborates with investment funds by developing technical concepts, feasibility studies, and valuations at various stages of project development. Determining the technical scope is essential for making informed investment decisions. As a comprehensive project contractor with an in-house design department, MEB is capable of supporting project advancement at every stage. Furthermore, once an investment is completed, we provide ongoing support to maintain the asset's value through our professional monitoring center and comprehensive O&amp;M services, covering both warranty and post-warranty periods. We prepare projects from the initial design folder to the RTB (Ready-to-Build) phase and participate in Asset Deal processes for renewable energy projects.<\/p>\t\t\t\t<\/div>\n\t\t\t\t<\/div>\n\t\t<div class=\"elementor-element elementor-element-6e210ad e-con-full elementor-hidden-mobile e-flex e-con e-child\" data-id=\"6e210ad\" data-element_type=\"container\" data-e-type=\"container\" data-settings=\"{&quot;background_background&quot;:&quot;classic&quot;}\">\n\t\t\t\t<div class=\"elementor-element elementor-element-091acd7 elementor-widget elementor-widget-image\" data-id=\"091acd7\" data-element_type=\"widget\" data-e-type=\"widget\" data-widget_type=\"image.default\">\n\t\t\t\t\t\t\t\t\t\t\t\t\t\t\t<img fetchpriority=\"high\" decoding=\"async\" width=\"800\" height=\"681\" src=\"https:\/\/meb-energy.com\/wp-content\/uploads\/2025\/12\/investment-funds.jpg\" class=\"attachment-large size-large wp-image-947\" alt=\"investment funds\" srcset=\"https:\/\/meb-energy.com\/wp-content\/uploads\/2025\/12\/investment-funds.jpg 940w, https:\/\/meb-energy.com\/wp-content\/uploads\/2025\/12\/investment-funds-300x255.jpg 300w, https:\/\/meb-energy.com\/wp-content\/uploads\/2025\/12\/investment-funds-768x654.jpg 768w\" sizes=\"(max-width: 800px) 100vw, 800px\" \/>\t\t\t\t\t\t\t\t\t\t\t\t\t\t\t<\/div>\n\t\t\t\t<\/div>\n\t\t\t\t<\/div>\n\t\t\t\t<div class=\"elementor-element elementor-element-07bc252 elementor-widget elementor-widget-menu-anchor\" data-id=\"07bc252\" data-element_type=\"widget\" data-e-type=\"widget\" data-widget_type=\"menu-anchor.default\">\n\t\t\t\t\t\t\t<div class=\"elementor-menu-anchor\" id=\"photovoltaiccompanieswantinhtoexpandthieroffer\"><\/div>\n\t\t\t\t\t\t<\/div>\n\t\t\t\t<div class=\"elementor-element elementor-element-44ea0ec elementor-widget elementor-widget-spacer\" data-id=\"44ea0ec\" data-element_type=\"widget\" data-e-type=\"widget\" data-widget_type=\"spacer.default\">\n\t\t\t\t\t\t\t<div class=\"elementor-spacer\">\n\t\t\t<div class=\"elementor-spacer-inner\"><\/div>\n\t\t<\/div>\n\t\t\t\t\t\t<\/div>\n\t\t<div class=\"elementor-element elementor-element-2713921 e-con-full e-transform e-flex elementor-invisible e-con e-child\" data-id=\"2713921\" data-element_type=\"container\" data-e-type=\"container\" data-settings=\"{&quot;background_background&quot;:&quot;classic&quot;,&quot;animation&quot;:&quot;fadeInLeft&quot;,&quot;_transform_scale_effect_hover&quot;:{&quot;unit&quot;:&quot;px&quot;,&quot;size&quot;:1.100000000000000088817841970012523233890533447265625,&quot;sizes&quot;:[]},&quot;_transform_scale_effect_hover_tablet&quot;:{&quot;unit&quot;:&quot;px&quot;,&quot;size&quot;:&quot;&quot;,&quot;sizes&quot;:[]},&quot;_transform_scale_effect_hover_mobile&quot;:{&quot;unit&quot;:&quot;px&quot;,&quot;size&quot;:&quot;&quot;,&quot;sizes&quot;:[]}}\">\n\t\t<div class=\"elementor-element elementor-element-2a99ec9 e-con-full e-flex e-con e-child\" data-id=\"2a99ec9\" data-element_type=\"container\" data-e-type=\"container\" data-settings=\"{&quot;background_background&quot;:&quot;classic&quot;}\">\n\t\t\t\t<div class=\"elementor-element elementor-element-5c4cd6a elementor-widget elementor-widget-image\" data-id=\"5c4cd6a\" data-element_type=\"widget\" data-e-type=\"widget\" data-widget_type=\"image.default\">\n\t\t\t\t\t\t\t\t\t\t\t\t\t\t\t<img decoding=\"async\" width=\"800\" height=\"800\" src=\"https:\/\/meb-energy.com\/wp-content\/uploads\/2025\/12\/FIRMY-Z-BRANZY-FOTOWOLTAICZNEJ-CHCACE-ROZSZERZYC-OFERTE-1024x1024.jpg\" class=\"attachment-large size-large wp-image-975\" alt=\"FIRMY Z BRAN\u017bY FOTOWOLTAICZNEJ CHC\u0104CE ROZSZERZY\u0106 OFERT\u0118\" srcset=\"https:\/\/meb-energy.com\/wp-content\/uploads\/2025\/12\/FIRMY-Z-BRANZY-FOTOWOLTAICZNEJ-CHCACE-ROZSZERZYC-OFERTE-1024x1024.jpg 1024w, https:\/\/meb-energy.com\/wp-content\/uploads\/2025\/12\/FIRMY-Z-BRANZY-FOTOWOLTAICZNEJ-CHCACE-ROZSZERZYC-OFERTE-300x300.jpg 300w, https:\/\/meb-energy.com\/wp-content\/uploads\/2025\/12\/FIRMY-Z-BRANZY-FOTOWOLTAICZNEJ-CHCACE-ROZSZERZYC-OFERTE-150x150.jpg 150w, https:\/\/meb-energy.com\/wp-content\/uploads\/2025\/12\/FIRMY-Z-BRANZY-FOTOWOLTAICZNEJ-CHCACE-ROZSZERZYC-OFERTE-768x768.jpg 768w, https:\/\/meb-energy.com\/wp-content\/uploads\/2025\/12\/FIRMY-Z-BRANZY-FOTOWOLTAICZNEJ-CHCACE-ROZSZERZYC-OFERTE-1536x1536.jpg 1536w, https:\/\/meb-energy.com\/wp-content\/uploads\/2025\/12\/FIRMY-Z-BRANZY-FOTOWOLTAICZNEJ-CHCACE-ROZSZERZYC-OFERTE-2048x2048.jpg 2048w\" sizes=\"(max-width: 800px) 100vw, 800px\" \/>\t\t\t\t\t\t\t\t\t\t\t\t\t\t\t<\/div>\n\t\t\t\t<\/div>\n\t\t<div class=\"elementor-element elementor-element-89a467f e-con-full e-flex e-con e-child\" data-id=\"89a467f\" data-element_type=\"container\" data-e-type=\"container\">\n\t\t\t\t<div class=\"elementor-element elementor-element-2977fdf elementor-widget elementor-widget-heading\" data-id=\"2977fdf\" data-element_type=\"widget\" data-e-type=\"widget\" data-widget_type=\"heading.default\">\n\t\t\t\t\t<h2 class=\"elementor-heading-title elementor-size-default\">PHOTOVOLTAIC COMPANIES WANTING TO EXPAND THEIR OFFER<\/h2>\t\t\t\t<\/div>\n\t\t\t\t<div class=\"elementor-element elementor-element-a1cf6c0 elementor-widget-divider--view-line elementor-widget elementor-widget-divider\" data-id=\"a1cf6c0\" data-element_type=\"widget\" data-e-type=\"widget\" data-widget_type=\"divider.default\">\n\t\t\t\t\t\t\t<div class=\"elementor-divider\">\n\t\t\t<span class=\"elementor-divider-separator\">\n\t\t\t\t\t\t<\/span>\n\t\t<\/div>\n\t\t\t\t\t\t<\/div>\n\t\t\t\t<div class=\"elementor-element elementor-element-66d3dbd elementor-widget elementor-widget-heading\" data-id=\"66d3dbd\" data-element_type=\"widget\" data-e-type=\"widget\" data-widget_type=\"heading.default\">\n\t\t\t\t\t<p class=\"elementor-heading-title elementor-size-default\">As a specialist in the professional design and selection of energy storage systems, MEB provides PV industry companies with access to top-tier BESS components, along with full integration and adaptation for grid services in Central and Eastern European markets. We invite companies from the photovoltaic sector to cooperate with us to expand their portfolios through joint, comprehensive service for end-customers.<\/p>\t\t\t\t<\/div>\n\t\t\t\t<\/div>\n\t\t\t\t<\/div>\n\t\t\t\t<div class=\"elementor-element elementor-element-12c2913 elementor-widget elementor-widget-menu-anchor\" data-id=\"12c2913\" data-element_type=\"widget\" data-e-type=\"widget\" data-widget_type=\"menu-anchor.default\">\n\t\t\t\t\t\t\t<div class=\"elementor-menu-anchor\" id=\"buildingmaintenanceandtechnologycompanies\"><\/div>\n\t\t\t\t\t\t<\/div>\n\t\t\t\t<div class=\"elementor-element elementor-element-62b3954 elementor-widget elementor-widget-spacer\" data-id=\"62b3954\" data-element_type=\"widget\" data-e-type=\"widget\" data-widget_type=\"spacer.default\">\n\t\t\t\t\t\t\t<div class=\"elementor-spacer\">\n\t\t\t<div class=\"elementor-spacer-inner\"><\/div>\n\t\t<\/div>\n\t\t\t\t\t\t<\/div>\n\t\t\t\t\t<\/div>\n\t\t\t\t<\/div>\n\t\t<div class=\"elementor-element elementor-element-2fa1fd3 e-flex e-con-boxed e-con e-parent\" data-id=\"2fa1fd3\" data-element_type=\"container\" data-e-type=\"container\" data-settings=\"{&quot;background_background&quot;:&quot;classic&quot;}\">\n\t\t\t\t\t<div class=\"e-con-inner\">\n\t\t<div class=\"elementor-element elementor-element-34dcd5b e-con-full e-transform e-flex elementor-invisible e-con e-child\" data-id=\"34dcd5b\" data-element_type=\"container\" data-e-type=\"container\" data-settings=\"{&quot;background_background&quot;:&quot;classic&quot;,&quot;animation&quot;:&quot;fadeInRight&quot;,&quot;_transform_scale_effect_hover&quot;:{&quot;unit&quot;:&quot;px&quot;,&quot;size&quot;:1.100000000000000088817841970012523233890533447265625,&quot;sizes&quot;:[]},&quot;_transform_scale_effect_hover_tablet&quot;:{&quot;unit&quot;:&quot;px&quot;,&quot;size&quot;:&quot;&quot;,&quot;sizes&quot;:[]},&quot;_transform_scale_effect_hover_mobile&quot;:{&quot;unit&quot;:&quot;px&quot;,&quot;size&quot;:&quot;&quot;,&quot;sizes&quot;:[]}}\">\n\t\t<div class=\"elementor-element elementor-element-adb0692 e-con-full elementor-hidden-desktop elementor-hidden-tablet e-flex e-con e-child\" data-id=\"adb0692\" data-element_type=\"container\" data-e-type=\"container\" data-settings=\"{&quot;background_background&quot;:&quot;slideshow&quot;,&quot;background_slideshow_gallery&quot;:[{&quot;id&quot;:976,&quot;url&quot;:&quot;http:\\\/\\\/meb-energy.com\\\/wp-content\\\/uploads\\\/2025\\\/12\\\/2FIRMY-Z-ZAKRESU-MAINTENANCE-TECHNIKI-BUDYNKOW.jpg&quot;},{&quot;id&quot;:977,&quot;url&quot;:&quot;http:\\\/\\\/meb-energy.com\\\/wp-content\\\/uploads\\\/2025\\\/12\\\/FIRMY-Z-ZAKRESU-MAINTENANCE-TECHNIKI-BUDYNKOW.jpg&quot;}],&quot;background_slideshow_loop&quot;:&quot;yes&quot;,&quot;background_slideshow_slide_duration&quot;:5000,&quot;background_slideshow_slide_transition&quot;:&quot;fade&quot;,&quot;background_slideshow_transition_duration&quot;:500}\">\n\t\t\t\t<\/div>\n\t\t<div class=\"elementor-element elementor-element-fca34a1 e-con-full e-flex e-con e-child\" data-id=\"fca34a1\" data-element_type=\"container\" data-e-type=\"container\">\n\t\t\t\t<div class=\"elementor-element elementor-element-334581f elementor-widget elementor-widget-heading\" data-id=\"334581f\" data-element_type=\"widget\" data-e-type=\"widget\" data-widget_type=\"heading.default\">\n\t\t\t\t\t<h2 class=\"elementor-heading-title elementor-size-default\">BUILDING MAINTENANCE AND TECHNOLOGY COMPANIES<\/h2>\t\t\t\t<\/div>\n\t\t\t\t<div class=\"elementor-element elementor-element-b90ba4e elementor-widget-divider--view-line elementor-widget elementor-widget-divider\" data-id=\"b90ba4e\" data-element_type=\"widget\" data-e-type=\"widget\" data-widget_type=\"divider.default\">\n\t\t\t\t\t\t\t<div class=\"elementor-divider\">\n\t\t\t<span class=\"elementor-divider-separator\">\n\t\t\t\t\t\t<\/span>\n\t\t<\/div>\n\t\t\t\t\t\t<\/div>\n\t\t\t\t<div class=\"elementor-element elementor-element-c00a629 elementor-widget elementor-widget-heading\" data-id=\"c00a629\" data-element_type=\"widget\" data-e-type=\"widget\" data-widget_type=\"heading.default\">\n\t\t\t\t\t<p class=\"elementor-heading-title elementor-size-default\">For companies focused on facility energy efficiency and specializing in industrial maintenance and building technology services, we offer joint development of modernization projects. This includes the implementation of energy storage solutions and the adaptation of existing infrastructure, complemented by specialized operational training.<\/p>\t\t\t\t<\/div>\n\t\t\t\t<\/div>\n\t\t<div class=\"elementor-element elementor-element-3c2dce8 e-con-full elementor-hidden-mobile e-flex e-con e-child\" data-id=\"3c2dce8\" data-element_type=\"container\" data-e-type=\"container\" data-settings=\"{&quot;background_background&quot;:&quot;slideshow&quot;,&quot;background_slideshow_gallery&quot;:[{&quot;id&quot;:976,&quot;url&quot;:&quot;http:\\\/\\\/meb-energy.com\\\/wp-content\\\/uploads\\\/2025\\\/12\\\/2FIRMY-Z-ZAKRESU-MAINTENANCE-TECHNIKI-BUDYNKOW.jpg&quot;},{&quot;id&quot;:977,&quot;url&quot;:&quot;http:\\\/\\\/meb-energy.com\\\/wp-content\\\/uploads\\\/2025\\\/12\\\/FIRMY-Z-ZAKRESU-MAINTENANCE-TECHNIKI-BUDYNKOW.jpg&quot;}],&quot;background_slideshow_loop&quot;:&quot;yes&quot;,&quot;background_slideshow_slide_duration&quot;:5000,&quot;background_slideshow_slide_transition&quot;:&quot;fade&quot;,&quot;background_slideshow_transition_duration&quot;:500}\">\n\t\t\t\t<\/div>\n\t\t\t\t<\/div>\n\t\t\t\t<div class=\"elementor-element elementor-element-dc9ce9d elementor-widget elementor-widget-menu-anchor\" data-id=\"dc9ce9d\" data-element_type=\"widget\" data-e-type=\"widget\" data-widget_type=\"menu-anchor.default\">\n\t\t\t\t\t\t\t<div class=\"elementor-menu-anchor\" id=\"designofficesandconstructioncompanies\"><\/div>\n\t\t\t\t\t\t<\/div>\n\t\t\t\t<div class=\"elementor-element elementor-element-2fff064 elementor-widget elementor-widget-spacer\" data-id=\"2fff064\" data-element_type=\"widget\" data-e-type=\"widget\" data-widget_type=\"spacer.default\">\n\t\t\t\t\t\t\t<div class=\"elementor-spacer\">\n\t\t\t<div class=\"elementor-spacer-inner\"><\/div>\n\t\t<\/div>\n\t\t\t\t\t\t<\/div>\n\t\t<div class=\"elementor-element elementor-element-f32dc3d e-con-full e-transform e-flex elementor-invisible e-con e-child\" data-id=\"f32dc3d\" data-element_type=\"container\" data-e-type=\"container\" data-settings=\"{&quot;background_background&quot;:&quot;classic&quot;,&quot;animation&quot;:&quot;fadeInLeft&quot;,&quot;_transform_scale_effect_hover&quot;:{&quot;unit&quot;:&quot;px&quot;,&quot;size&quot;:1.100000000000000088817841970012523233890533447265625,&quot;sizes&quot;:[]},&quot;_transform_scale_effect_hover_tablet&quot;:{&quot;unit&quot;:&quot;px&quot;,&quot;size&quot;:&quot;&quot;,&quot;sizes&quot;:[]},&quot;_transform_scale_effect_hover_mobile&quot;:{&quot;unit&quot;:&quot;px&quot;,&quot;size&quot;:&quot;&quot;,&quot;sizes&quot;:[]}}\">\n\t\t<div class=\"elementor-element elementor-element-28ed25e e-con-full e-flex e-con e-child\" data-id=\"28ed25e\" data-element_type=\"container\" data-e-type=\"container\" data-settings=\"{&quot;background_background&quot;:&quot;classic&quot;}\">\n\t\t\t\t<div class=\"elementor-element elementor-element-f4fa405 elementor-widget elementor-widget-image\" data-id=\"f4fa405\" data-element_type=\"widget\" data-e-type=\"widget\" data-widget_type=\"image.default\">\n\t\t\t\t\t\t\t\t\t\t\t\t\t\t\t<img decoding=\"async\" width=\"800\" height=\"800\" src=\"https:\/\/meb-energy.com\/wp-content\/uploads\/2025\/12\/BIURA-PROJEKTOWE-I-FIRMY-BUDOWLANE.jpg\" class=\"attachment-large size-large wp-image-984\" alt=\"BIURA-PROJEKTOWE-I-FIRMY-BUDOWLANE\" srcset=\"https:\/\/meb-energy.com\/wp-content\/uploads\/2025\/12\/BIURA-PROJEKTOWE-I-FIRMY-BUDOWLANE.jpg 1024w, https:\/\/meb-energy.com\/wp-content\/uploads\/2025\/12\/BIURA-PROJEKTOWE-I-FIRMY-BUDOWLANE-300x300.jpg 300w, https:\/\/meb-energy.com\/wp-content\/uploads\/2025\/12\/BIURA-PROJEKTOWE-I-FIRMY-BUDOWLANE-150x150.jpg 150w, https:\/\/meb-energy.com\/wp-content\/uploads\/2025\/12\/BIURA-PROJEKTOWE-I-FIRMY-BUDOWLANE-768x768.jpg 768w\" sizes=\"(max-width: 800px) 100vw, 800px\" \/>\t\t\t\t\t\t\t\t\t\t\t\t\t\t\t<\/div>\n\t\t\t\t<\/div>\n\t\t<div class=\"elementor-element elementor-element-dd83a60 e-con-full e-flex e-con e-child\" data-id=\"dd83a60\" data-element_type=\"container\" data-e-type=\"container\">\n\t\t\t\t<div class=\"elementor-element elementor-element-f8acd5a elementor-widget elementor-widget-heading\" data-id=\"f8acd5a\" data-element_type=\"widget\" data-e-type=\"widget\" data-widget_type=\"heading.default\">\n\t\t\t\t\t<h2 class=\"elementor-heading-title elementor-size-default\">DESIGN OFFICES AND CONSTRUCTION COMPANIES<\/h2>\t\t\t\t<\/div>\n\t\t\t\t<div class=\"elementor-element elementor-element-a3f6f30 elementor-widget-divider--view-line elementor-widget elementor-widget-divider\" data-id=\"a3f6f30\" data-element_type=\"widget\" data-e-type=\"widget\" data-widget_type=\"divider.default\">\n\t\t\t\t\t\t\t<div class=\"elementor-divider\">\n\t\t\t<span class=\"elementor-divider-separator\">\n\t\t\t\t\t\t<\/span>\n\t\t<\/div>\n\t\t\t\t\t\t<\/div>\n\t\t\t\t<div class=\"elementor-element elementor-element-3abbaac elementor-widget elementor-widget-heading\" data-id=\"3abbaac\" data-element_type=\"widget\" data-e-type=\"widget\" data-widget_type=\"heading.default\">\n\t\t\t\t\t<p class=\"elementor-heading-title elementor-size-default\">We offer cooperation to design offices and construction firms regarding facility power supply concepts and the development of energy storage projects. This involves integrating systems and components via the I-MEB EMS platform, ensuring optimal component selection as early as the initial planning phase. Integrate MEB\u2019s know-how into your project.<\/p>\t\t\t\t<\/div>\n\t\t\t\t<\/div>\n\t\t\t\t<\/div>\n\t\t\t\t<div class=\"elementor-element elementor-element-ba980a4 elementor-widget elementor-widget-spacer\" data-id=\"ba980a4\" data-element_type=\"widget\" data-e-type=\"widget\" data-widget_type=\"spacer.default\">\n\t\t\t\t\t\t\t<div class=\"elementor-spacer\">\n\t\t\t<div class=\"elementor-spacer-inner\"><\/div>\n\t\t<\/div>\n\t\t\t\t\t\t<\/div>\n\t\t\t\t\t<\/div>\n\t\t\t\t<\/div>\n\t\t\t\t<\/div>\n\t\t","protected":false},"excerpt":{"rendered":"<p>COOPERATION INVESTMENT FUNDS MEB Technical Sp. z o.o. collaborates with investment funds by developing technical concepts, feasibility studies, and valuations at various stages of project development. Determining the technical scope is essential for making informed investment decisions. As a comprehensive project contractor with an in-house design department, MEB is capable of supporting project advancement at [&hellip;]<\/p>\n","protected":false},"author":1,"featured_media":0,"parent":0,"menu_order":0,"comment_status":"closed","ping_status":"closed","template":"","meta":{"footnotes":""},"class_list":["post-63","page","type-page","status-publish","hentry"],"_links":{"self":[{"href":"https:\/\/meb-energy.com\/index.php\/wp-json\/wp\/v2\/pages\/63","targetHints":{"allow":["GET"]}}],"collection":[{"href":"https:\/\/meb-energy.com\/index.php\/wp-json\/wp\/v2\/pages"}],"about":[{"href":"https:\/\/meb-energy.com\/index.php\/wp-json\/wp\/v2\/types\/page"}],"author":[{"embeddable":true,"href":"https:\/\/meb-energy.com\/index.php\/wp-json\/wp\/v2\/users\/1"}],"replies":[{"embeddable":true,"href":"https:\/\/meb-energy.com\/index.php\/wp-json\/wp\/v2\/comments?post=63"}],"version-history":[{"count":265,"href":"https:\/\/meb-energy.com\/index.php\/wp-json\/wp\/v2\/pages\/63\/revisions"}],"predecessor-version":[{"id":3349,"href":"https:\/\/meb-energy.com\/index.php\/wp-json\/wp\/v2\/pages\/63\/revisions\/3349"}],"wp:attachment":[{"href":"https:\/\/meb-energy.com\/index.php\/wp-json\/wp\/v2\/media?parent=63"}],"curies":[{"name":"wp","href":"https:\/\/api.w.org\/{rel}","templated":true}]}}